{"id":18113,"date":"2024-04-16T12:43:07","date_gmt":"2024-04-16T12:43:07","guid":{"rendered":"https:\/\/lease-broker.com\/promo\/"},"modified":"2024-09-10T11:43:51","modified_gmt":"2024-09-10T11:43:51","slug":"promo","status":"publish","type":"page","link":"https:\/\/lease-broker.com\/fr\/promo\/","title":{"rendered":"Promo"},"content":{"rendered":"\t\t<div data-elementor-type=\"wp-page\" data-elementor-id=\"18113\" class=\"elementor elementor-18113 elementor-17612\" data-elementor-post-type=\"page\">\n\t\t\t\t\t\t<section class=\"elementor-section elementor-top-section elementor-element elementor-element-5c1ed70 banner_breadcrumb elementor-section-boxed elementor-section-height-default elementor-section-height-default\" data-id=\"5c1ed70\" data-element_type=\"section\" data-e-type=\"section\" data-settings=\"{&quot;background_background&quot;:&quot;classic&quot;}\">\n\t\t\t\t\t\t<div class=\"elementor-container elementor-column-gap-default\">\n\t\t\t\t\t<div class=\"elementor-column elementor-col-100 elementor-top-column elementor-element elementor-element-bc5dd21\" data-id=\"bc5dd21\" data-element_type=\"column\" data-e-type=\"column\">\n\t\t\t<div class=\"elementor-widget-wrap elementor-element-populated\">\n\t\t\t\t\t\t<div class=\"elementor-element elementor-element-de8a51a page_title elementor-widget elementor-widget-elementskit-heading\" data-id=\"de8a51a\" data-element_type=\"widget\" data-e-type=\"widget\" data-widget_type=\"elementskit-heading.default\">\n\t\t\t\t<div class=\"elementor-widget-container\">\n\t\t\t\t\t<div class=\"ekit-wid-con\" ><div class=\"ekit-heading elementskit-section-title-wraper text_center   ekit_heading_tablet-   ekit_heading_mobile-\"><h1 class=\"ekit-heading--title elementskit-section-title \">LeaseBroker f\u00eate son cinqui\u00e8me anniversaire !<\/h1><h4 class=\"ekit-heading--subtitle elementskit-section-subtitle  \">\n\t\t\t\t\t\tVous investissez dans du mat\u00e9riel roulant ou des \u00e9quipements ?\nOptez pour un financement flexible, un leasing ou une location \n\t\t\t\t\t<\/h4><\/div><\/div>\t\t\t\t<\/div>\n\t\t\t\t<\/div>\n\t\t\t\t\t<\/div>\n\t\t<\/div>\n\t\t\t\t\t<\/div>\n\t\t<\/section>\n\t\t\t\t<section class=\"elementor-section elementor-top-section elementor-element elementor-element-ce3f78c elementor-section-boxed elementor-section-height-default elementor-section-height-default\" data-id=\"ce3f78c\" data-element_type=\"section\" data-e-type=\"section\">\n\t\t\t\t\t\t<div class=\"elementor-container elementor-column-gap-default\">\n\t\t\t\t\t<div class=\"elementor-column elementor-col-100 elementor-top-column elementor-element elementor-element-163224f\" data-id=\"163224f\" data-element_type=\"column\" data-e-type=\"column\">\n\t\t\t<div class=\"elementor-widget-wrap elementor-element-populated\">\n\t\t\t\t\t\t<div class=\"elementor-element elementor-element-393e155 elementor-widget elementor-widget-heading\" data-id=\"393e155\" data-element_type=\"widget\" data-e-type=\"widget\" data-widget_type=\"heading.default\">\n\t\t\t\t<div class=\"elementor-widget-container\">\n\t\t\t\t\t<h4 class=\"elementor-heading-title elementor-size-default\"><a href=\"https:\/\/info.lease-broker.com\/leasebroker5jaar\"><b>Un financement sur mesure<\/b> Vous \u00eates entrepreneur : cr\u00e9ateur d'entreprise, ind\u00e9pendant ou dirigeant de PME ?\nOptez pour un financement fiscalement avantageux qui vous permet d'utiliser vos propres ressources \u00e0 d'autres fins au sein de votre entreprise.\nEn tant que partenaire financier, nous vous guiderons vers la solution de financement id\u00e9ale pour votre situation sp\u00e9cifique.\n5 raisons de choisir LeaseBroker : Nous trouvons une solution dans 9\/10 cas.\nInd\u00e9pendant : nous \u00e9tudions l'ensemble du march\u00e9 belge.\nProposition de financement la plus pointue du march\u00e9 Flexibilit\u00e9 et personnalisation Accompagnement et conseils complets sur le financement de votre achat, jusqu'\u00e0 la finalisation.\nEn route rapidement ?\nContactez-nous pour une proposition : 0800 21 039 ou info@lease-broker.com       <\/a><\/h4>\t\t\t\t<\/div>\n\t\t\t\t<\/div>\n\t\t\t\t<div class=\"elementor-element elementor-element-1b1e7ad elementor-widget elementor-widget-spacer\" data-id=\"1b1e7ad\" data-element_type=\"widget\" data-e-type=\"widget\" data-widget_type=\"spacer.default\">\n\t\t\t\t<div class=\"elementor-widget-container\">\n\t\t\t\t\t\t\t<div class=\"elementor-spacer\">\n\t\t\t<div class=\"elementor-spacer-inner\"><\/div>\n\t\t<\/div>\n\t\t\t\t\t\t<\/div>\n\t\t\t\t<\/div>\n\t\t\t\t<div class=\"elementor-element elementor-element-3b7ed48 elementor-widget elementor-widget-text-editor\" data-id=\"3b7ed48\" data-element_type=\"widget\" data-e-type=\"widget\" data-widget_type=\"text-editor.default\">\n\t\t\t\t<div class=\"elementor-widget-container\">\n\t\t\t\t\t\t\t\t\t<h4 style=\"font-family: Finlandica, sans-serif; letter-spacing: var(--heading--letter-spacing-h4); outline-style: initial; outline-width: 0px; text-align: center; cursor: pointer !important;\" data-elementor-setting-key=\"title\" data-pen-placeholder=\"Hier typen...\"><span style=\"font-weight: bold;\">Un financement adapt\u00e9 \u00e0 vos besoins<\/span> <\/h4>\n<h4 style=\"font-family: Finlandica, sans-serif; letter-spacing: var(--heading--letter-spacing-h4); outline-style: initial; outline-width: 0px; text-align: center; cursor: pointer !important;\" data-elementor-setting-key=\"title\" data-pen-placeholder=\"Hier typen...\">Vous \u00eates entrepreneur : d\u00e9butant, ind\u00e9pendant ou propri\u00e9taire d&rsquo;une PME ?<br \/>\nOptez pour un financement fiscalement avantageux qui vous permet d&rsquo;utiliser vos propres fonds pour d&rsquo;autres choses au sein de votre entreprise.<br \/>\nEn tant que partenaire financier, nous vous guiderons vers la solution de financement id\u00e9ale pour votre situation sp\u00e9cifique.<br \/>\n5 raisons de choisir LeaseBroker : Nous trouvons une solution dans 9\/10 cas.<br \/>\nInd\u00e9pendant : nous \u00e9tudions l&rsquo;ensemble du march\u00e9 belge.<br \/>\nProposition de financement la plus pointue du march\u00e9 Flexibilit\u00e9 et personnalisation Accompagnement et conseils complets sur le financement de votre achat, jusqu&rsquo;\u00e0 la finalisation.<br \/>\nEn route rapidement ?<br \/>\nContactez-nous pour une proposition : 0800 21 039 ou info@lease-broker.com       <\/h4>\n\t\t\t\t\t\t\t\t<\/div>\n\t\t\t\t<\/div>\n\t\t\t\t\t<\/div>\n\t\t<\/div>\n\t\t\t\t\t<\/div>\n\t\t<\/section>\n\t\t\t\t<section class=\"elementor-section elementor-top-section elementor-element elementor-element-d9cf03f elementor-section-boxed elementor-section-height-default elementor-section-height-default\" data-id=\"d9cf03f\" data-element_type=\"section\" data-e-type=\"section\">\n\t\t\t\t\t\t<div class=\"elementor-container elementor-column-gap-default\">\n\t\t\t\t\t<div class=\"elementor-column elementor-col-100 elementor-top-column elementor-element elementor-element-72a15c6\" data-id=\"72a15c6\" data-element_type=\"column\" data-e-type=\"column\">\n\t\t\t<div class=\"elementor-widget-wrap elementor-element-populated\">\n\t\t\t\t\t\t<div class=\"elementor-element elementor-element-dcae8e9 elementor-button-align-stretch elementor-widget elementor-widget-form\" data-id=\"dcae8e9\" data-element_type=\"widget\" data-e-type=\"widget\" data-settings=\"{&quot;step_next_label&quot;:&quot;Suivant&quot;,&quot;step_previous_label&quot;:&quot;Pr\\u00e9c\\u00e9dent&quot;,&quot;button_width&quot;:&quot;100&quot;,&quot;step_type&quot;:&quot;number_text&quot;,&quot;step_icon_shape&quot;:&quot;circle&quot;}\" data-widget_type=\"form.default\">\n\t\t\t\t<div class=\"elementor-widget-container\">\n\t\t\t\t\t\t\t<form class=\"elementor-form\" method=\"post\" name=\"Nouveau formulaire\" aria-label=\"Nouveau formulaire\">\n\t\t\t<input type=\"hidden\" name=\"post_id\" value=\"18113\"\/>\n\t\t\t<input type=\"hidden\" name=\"form_id\" value=\"dcae8e9\"\/>\n\t\t\t<input type=\"hidden\" name=\"referer_title\" value=\"Promo\" \/>\n\n\t\t\t\t\t\t\t<input type=\"hidden\" name=\"queried_id\" value=\"18113\"\/>\n\t\t\t\n\t\t\t<div class=\"elementor-form-fields-wrapper elementor-labels-above\">\n\t\t\t\t\t\t\t\t<div class=\"elementor-field-type-text elementor-field-group elementor-column elementor-field-group-name elementor-col-100\">\n\t\t\t\t\t\t\t\t\t\t\t\t<label for=\"form-field-name\" class=\"elementor-field-label\">\n\t\t\t\t\t\t\t\tNom\t\t\t\t\t\t\t<\/label>\n\t\t\t\t\t\t\t\t\t\t\t\t\t\t<input size=\"1\" type=\"text\" name=\"form_fields[name]\" id=\"form-field-name\" class=\"elementor-field elementor-size-sm  elementor-field-textual\" placeholder=\"Nom\">\n\t\t\t\t\t\t\t\t\t\t\t<\/div>\n\t\t\t\t\t\t\t\t<div class=\"elementor-field-type-email elementor-field-group elementor-column elementor-field-group-email elementor-col-100 elementor-field-required\">\n\t\t\t\t\t\t\t\t\t\t\t\t<label for=\"form-field-email\" class=\"elementor-field-label\">\n\t\t\t\t\t\t\t\tCourriel\t\t\t\t\t\t\t<\/label>\n\t\t\t\t\t\t\t\t\t\t\t\t\t\t<input size=\"1\" type=\"email\" name=\"form_fields[email]\" id=\"form-field-email\" class=\"elementor-field elementor-size-sm  elementor-field-textual\" placeholder=\"Courriel\" required=\"required\">\n\t\t\t\t\t\t\t\t\t\t\t<\/div>\n\t\t\t\t\t\t\t\t<div class=\"elementor-field-type-textarea elementor-field-group elementor-column elementor-field-group-message elementor-col-100\">\n\t\t\t\t\t\t\t\t\t\t\t\t<label for=\"form-field-message\" class=\"elementor-field-label\">\n\t\t\t\t\t\t\t\tMessage\t\t\t\t\t\t\t<\/label>\n\t\t\t\t\t\t<textarea class=\"elementor-field-textual elementor-field  elementor-size-sm\" name=\"form_fields[message]\" id=\"form-field-message\" rows=\"4\" placeholder=\"Message\"><\/textarea>\t\t\t\t<\/div>\n\t\t\t\t\t\t\t\t<div class=\"elementor-field-group elementor-column elementor-field-type-submit elementor-col-100 e-form__buttons\">\n\t\t\t\t\t<button class=\"elementor-button elementor-size-sm\" type=\"submit\">\n\t\t\t\t\t\t<span class=\"elementor-button-content-wrapper\">\n\t\t\t\t\t\t\t\t\t\t\t\t\t\t\t\t\t\t\t\t\t\t<span class=\"elementor-button-text\">Envoyer<\/span>\n\t\t\t\t\t\t\t\t\t\t\t\t\t<\/span>\n\t\t\t\t\t<\/button>\n\t\t\t\t<\/div>\n\t\t\t<\/div>\n\t\t<\/form>\n\t\t\t\t\t\t<\/div>\n\t\t\t\t<\/div>\n\t\t\t\t\t<\/div>\n\t\t<\/div>\n\t\t\t\t\t<\/div>\n\t\t<\/section>\n\t\t\t\t<\/div>\n\t\t","protected":false},"excerpt":{"rendered":"<p>LeaseBroker f\u00eate son cinqui\u00e8me anniversaire ! Vous investissez dans du mat\u00e9riel roulant ou des \u00e9quipements ? Optez pour un financement flexible, un leasing ou une location Un financement sur mesure Vous \u00eates entrepreneur : cr\u00e9ateur d&rsquo;entreprise, ind\u00e9pendant ou dirigeant de PME ? Optez pour un financement fiscalement avantageux qui vous permet d&rsquo;utiliser vos propres ressources&hellip; <a class=\"more-link\" href=\"https:\/\/lease-broker.com\/fr\/promo\/\">Continue reading <span class=\"screen-reader-text\">Promo<\/span><\/a><\/p>\n","protected":false},"author":1,"featured_media":0,"parent":0,"menu_order":0,"comment_status":"closed","ping_status":"closed","template":"elementor_header_footer","meta":{"_monsterinsights_skip_tracking":false,"_monsterinsights_sitenote_active":false,"_monsterinsights_sitenote_note":"","_monsterinsights_sitenote_category":0,"footnotes":""},"class_list":["post-18113","page","type-page","status-publish","hentry","entry"],"_links":{"self":[{"href":"https:\/\/lease-broker.com\/fr\/wp-json\/wp\/v2\/pages\/18113","targetHints":{"allow":["GET"]}}],"collection":[{"href":"https:\/\/lease-broker.com\/fr\/wp-json\/wp\/v2\/pages"}],"about":[{"href":"https:\/\/lease-broker.com\/fr\/wp-json\/wp\/v2\/types\/page"}],"author":[{"embeddable":true,"href":"https:\/\/lease-broker.com\/fr\/wp-json\/wp\/v2\/users\/1"}],"replies":[{"embeddable":true,"href":"https:\/\/lease-broker.com\/fr\/wp-json\/wp\/v2\/comments?post=18113"}],"version-history":[{"count":0,"href":"https:\/\/lease-broker.com\/fr\/wp-json\/wp\/v2\/pages\/18113\/revisions"}],"wp:attachment":[{"href":"https:\/\/lease-broker.com\/fr\/wp-json\/wp\/v2\/media?parent=18113"}],"curies":[{"name":"wp","href":"https:\/\/api.w.org\/{rel}","templated":true}]}}