{"id":18139,"date":"2022-09-01T16:14:51","date_gmt":"2022-09-01T16:14:51","guid":{"rendered":"https:\/\/lease-broker.com\/politique-de-confidentialite\/"},"modified":"2025-10-14T15:10:19","modified_gmt":"2025-10-14T15:10:19","slug":"politique-de-confidentialite","status":"publish","type":"page","link":"https:\/\/lease-broker.com\/fr\/politique-de-confidentialite\/","title":{"rendered":"Politique de confidentialit\u00e9"},"content":{"rendered":"\t\t<div data-elementor-type=\"wp-page\" data-elementor-id=\"18139\" class=\"elementor elementor-18139 elementor-3\" data-elementor-post-type=\"page\">\n\t\t\t\t\t\t<section class=\"elementor-section elementor-top-section elementor-element elementor-element-68355e89 elementor-section-boxed elementor-section-height-default elementor-section-height-default\" data-id=\"68355e89\" data-element_type=\"section\" data-e-type=\"section\">\n\t\t\t\t\t\t<div class=\"elementor-container elementor-column-gap-default\">\n\t\t\t\t\t<div class=\"elementor-column elementor-col-100 elementor-top-column elementor-element elementor-element-749c0248\" data-id=\"749c0248\" data-element_type=\"column\" data-e-type=\"column\">\n\t\t\t<div class=\"elementor-widget-wrap elementor-element-populated\">\n\t\t\t\t\t\t<div class=\"elementor-element elementor-element-1177e59d elementor-widget elementor-widget-text-editor\" data-id=\"1177e59d\" data-element_type=\"widget\" data-e-type=\"widget\" data-widget_type=\"text-editor.default\">\n\t\t\t\t<div class=\"elementor-widget-container\">\n\t\t\t\t\t\t\t\t\t<p>\u00a0<\/p><h3><strong>Clause de non-responsabilit\u00e9<\/strong><\/h3><p><strong><br \/><\/strong>Ce site web est g\u00e9r\u00e9 par LeaseBroker.<br \/>Tous les droits sont r\u00e9serv\u00e9s.<\/p><p>Les informations contenues dans ce site web, quelle que soit leur apparence, ne peuvent \u00eatre reproduites, transport\u00e9es, stock\u00e9es ou distribu\u00e9es sans l&rsquo;accord \u00e9crit pr\u00e9alable de Leasebroker.be.<br \/>Il est express\u00e9ment interdit d&rsquo;apporter des modifications au contenu de ce site web.<\/p><p>Les donn\u00e9es figurant sur le site sont, dans la mesure du possible, proches de la r\u00e9alit\u00e9.<br \/>Par cons\u00e9quent, les images et les descriptions des produits peuvent varier.<br \/>Nous nous r\u00e9servons le droit de modifier les prix, les versions et les erreurs dans les informations fournies.<br \/>Pour prot\u00e9ger la vie priv\u00e9e de nos clients, certaines images et certains noms ont \u00e9t\u00e9 remplac\u00e9s.<br \/>Lease-broker.com n&rsquo;est pas responsable des dommages, directs ou indirects, r\u00e9sultant de la visite de ce site ou de la confiance accord\u00e9e \u00e0 des informations incorrectes sur ce site.<br \/>Leasebroker.com se r\u00e9serve le droit de modifier les prix, les sp\u00e9cifications et la composition des stocks sans pr\u00e9avis.<br \/>Toutes les offres sur le site sont valables jusqu&rsquo;\u00e0 une certaine date de fin et sujettes \u00e0 confirmation.<\/p><p>Malheureusement, l&rsquo;absence de virus susceptibles d&rsquo;affecter le fonctionnement de votre ordinateur et\/ou de vos logiciels ne peut \u00eatre garantie.<br \/>Ce site web peut \u00e9galement contenir des hyperliens vers d&rsquo;autres sites web.<br \/>Leasebroker.be n&rsquo;est en aucun cas responsable de l&rsquo;exactitude, de l&rsquo;exhaustivit\u00e9 ou de l&rsquo;authenticit\u00e9 des informations contenues dans ces sites, ni des cons\u00e9quences \u00e9ventuelles de la visite de ces sites li\u00e9s.<\/p><p>Courriel : info@lease-broker.com.<\/p><p>D\u00e9claration de confidentialit\u00e9<\/p><p>La protection de vos donn\u00e9es personnelles est d&rsquo;une importance capitale pour Leasebroker.<br \/>Dans cette d\u00e9claration de confidentialit\u00e9, nous d\u00e9crivons les mesures prises pour garantir la protection de vos donn\u00e9es personnelles conform\u00e9ment \u00e0 la l\u00e9gislation belge sur la protection de la vie priv\u00e9e et au R\u00e8glement g\u00e9n\u00e9ral europ\u00e9en sur la protection des donn\u00e9es (RGPD).<br \/>Par cette explication, nous souhaitons vous informer clairement de la mani\u00e8re dont nous prenons soin de vos donn\u00e9es au sein de Leasebroker.<br \/>Cette d\u00e9claration de confidentialit\u00e9 a \u00e9t\u00e9 mise \u00e0 jour pour la derni\u00e8re fois le 20 septembre 2022.<\/p><p><br \/><br \/>R\u00d4LES DE LEASEBROKER Leasebroker est le responsable du traitement des donn\u00e9es \u00e0 caract\u00e8re personnel dans les diff\u00e9rents processus et syst\u00e8mes applicables ou utilis\u00e9s par Leasebroker. Leasebroker, en tant que responsable du traitement des donn\u00e9es, prendra les mesures techniques et organisationnelles n\u00e9cessaires pour prot\u00e9ger les donn\u00e9es \u00e0 caract\u00e8re personnel.<\/p><p><br \/>ACTIVIT\u00c9S DE LEASEBROKER LeaseBroker offre aux clients la solution id\u00e9ale de financement sur mesure pour leur mat\u00e9riel roulant et leurs machines.<\/p><p><br \/>WEBSITE &#8211; COOKIES &#8211; SOCIAL MEDIA &#8211; MARKETING Leasebroker dispose d&rsquo;un site web pour vous informer sur nos services, nos \u00e9v\u00e9nements.<\/p><p>Cookies<\/p><p>Qu&rsquo;est-ce qu&rsquo;un biscuit ?<br \/>Leasebroker utilise des cookies et des technologies similaires (collectivement appel\u00e9s \u00ab\u00a0cookies\u00a0\u00bb) sur son\/ses site(s) web.<br \/>Les cookies sont de petits fichiers d&rsquo;information qui sont stock\u00e9s sur votre ordinateur ou votre appareil lorsque vous visitez notre (nos) site(s) web et sont g\u00e9n\u00e9ralement utilis\u00e9s pour optimiser la facilit\u00e9 d&rsquo;utilisation des sites web et des apps.<\/p><p>Il existe diff\u00e9rents types de cookies, class\u00e9s selon leur origine, leur fonction et leur dur\u00e9e de vie.<\/p><p><br \/><br \/><br \/>Leasebroker utilise des cookies pour : &#8211; am\u00e9liorer l&rsquo;utilisation et la fonctionnalit\u00e9 de ses sites web et de ses apps ; &#8211; analyser la mani\u00e8re dont les utilisateurs utilisent nos sites web et nos apps et compiler des statistiques ; &#8211; montrer aux utilisateurs de nos sites web et de nos apps des informations et des publicit\u00e9s personnalis\u00e9es.<\/p><p>Par exemple, en tant que visiteur de nos sites web, vous pouvez \u00eatre identifi\u00e9 lors de votre prochaine visite et nous pouvons am\u00e9liorer la facilit\u00e9 d&rsquo;utilisation en adaptant mieux nos sites web \u00e0 vos besoins et pr\u00e9f\u00e9rences.<br \/>Les cookies peuvent \u00e9galement \u00eatre utilis\u00e9s pour personnaliser le contenu ou la publicit\u00e9 d&rsquo;un site web.<\/p><p>Les cookies peuvent \u00eatre plac\u00e9s par Leasebroker ainsi que par d&rsquo;autres parties.<br \/>Si nous autorisons des tiers \u00e0 placer des cookies sur nos sites web, ces parties doivent garantir contractuellement une connexion s\u00e9curis\u00e9e pour l&rsquo;\u00e9change des donn\u00e9es.<\/p><p>2.<br \/><br \/><br \/>Quels types de cookies utilisons-nous ? Cookies n\u00e9cessaires : ces cookies vous permettent de naviguer sur nos sites web et nos apps et d&rsquo;utiliser leurs fonctionnalit\u00e9s. Cookies fonctionnels : ce type de cookies facilite le fonctionnement de nos sites web et de nos apps et garantit une exp\u00e9rience de navigation personnalis\u00e9e en m\u00e9morisant, par exemple, les noms de connexion, les mots de passe et les pr\u00e9f\u00e9rences &#8211; telles que le r\u00e9glage de la langue. Cookies de performance : ces cookies collectent des donn\u00e9es sur l&rsquo;utilisation de nos sites web et de nos apps, telles que le nombre de visiteurs, les pages web les plus populaires et le temps que les utilisateurs passent sur une page web en particulier.<br \/>Sur la base du comportement de nos utilisateurs, nous pouvons am\u00e9liorer nos sites web et nos apps et optimiser et personnaliser l&rsquo;exp\u00e9rience utilisateur.<\/p><p><br \/>Nous utilisons \u00e9galement des cookies tiers \u00e0 cette fin, tels que : Google Analytics : assure la collecte de donn\u00e9es anonymes sur l&rsquo;utilisation de notre site web et l&rsquo;\u00e9tablissement de statistiques sur les visiteurs.<br \/>Vous trouverez plus d&rsquo;informations sur la mani\u00e8re dont Google utilise vos donn\u00e9es \u00e0 l&rsquo;adresse suivante : https:\/\/www.google.com\/intl\/nl\/policies\/privacy\/partners\/. <br \/>Cookies publicitaires : sur la base de votre comportement de navigation, de vos donn\u00e9es d\u00e9mographiques et de vos donn\u00e9es d&rsquo;utilisateur, nous pouvons rendre nos publicit\u00e9s plus efficaces et mieux adapt\u00e9es \u00e0 vos int\u00e9r\u00eats et vous montrer uniquement des messages publicitaires personnalis\u00e9s.<br \/>Les cookies et les outils du r\u00e9seau publicitaire de Google, par exemple (Google AdWords), nous permettent de vous montrer des publicit\u00e9s sur les sites Web qui font partie de ces r\u00e9seaux pour les services de Leasebroker qui pourraient \u00e9galement vous int\u00e9resser.<\/p><p>3.<br \/>Gestion des cookies Vous pouvez \u00e0 tout moment d\u00e9sactiver ou supprimer tous les cookies install\u00e9s sur votre ordinateur ou votre terminal mobile via les param\u00e8tres de votre navigateur (g\u00e9n\u00e9ralement sous \u00ab\u00a0Aide\u00a0\u00bb ou \u00ab\u00a0Options Internet\u00a0\u00bb).<br \/>Chaque type de navigateur poss\u00e8de ses propres param\u00e8tres de gestion des cookies.<br \/>Vous trouverez ces informations sur le site web du navigateur que vous utilisez.<br \/>Vous trouverez des informations plus g\u00e9n\u00e9rales sur la gestion des cookies \u00e0 l&rsquo;adresse suivante : http:\/\/www.allaboutcookies.org\/manage-cookies\/.<br \/>En outre, sur le site web http:\/\/www.youronlinechoices.com\/, vous pouvez s\u00e9lectionner les entreprises dont vous ne souhaitez plus recevoir de cookies. Veuillez noter que la modification des param\u00e8tres peut entra\u00eener l&rsquo;arr\u00eat du fonctionnement des sites web de Leasebroker et d&rsquo;autres sites web.<br \/>Il en va de m\u00eame pour les applications mobiles.<\/p><p>M\u00e9dias sociaux<\/p><p>Leasebroker dispose d&rsquo;une page d&rsquo;entreprise sur LinkedIn, Facebook et Instagram.<br \/>Ceux-ci sont utilis\u00e9s pour la communication interentreprises.<br \/>En tant que personne concern\u00e9e, vous \u00eates libre de suivre ou non Leasebroker sur ces m\u00e9dias sociaux.<\/p><p><br \/>Bulletins d&rsquo;information Leasebroker utilise \u00e9galement des bulletins d&rsquo;information r\u00e9guliers pour vous informer sur nos services. Ces informations sont bas\u00e9es sur la r\u00e9gion\/le secteur d&rsquo;activit\u00e9 sur la base de l&rsquo;int\u00e9r\u00eat l\u00e9gitime de notre soci\u00e9t\u00e9.<br \/>Si vous vous inscrivez sur notre site web, vos coordonn\u00e9es (voir ci-dessous) sont \u00e9galement incluses dans notre base de donn\u00e9es CRM et peuvent \u00eatre utilis\u00e9es pour d&rsquo;autres activit\u00e9s sur la m\u00eame base.<br \/>Avec chaque lettre d&rsquo;information, vous avez la possibilit\u00e9 de vous d\u00e9sinscrire, auquel cas vous ne recevrez plus de lettres d&rsquo;information.<br \/>Toutefois, vos coordonn\u00e9es seront conserv\u00e9es dans notre application CRM afin que nous puissions continuer \u00e0 vous fournir d&rsquo;autres services.<br \/>Si vous ne le souhaitez pas, veuillez nous en informer en utilisant les coordonn\u00e9es fournies dans la pr\u00e9sente d\u00e9claration.<\/p><p><br \/><br \/>QUELLES SONT LES DONN\u00c9ES REQUISES ? Nous recevons et traitons les donn\u00e9es des entreprises\/fournisseurs\/partenaires\/sous-traitants, etc. et de leurs employ\u00e9s dans le cadre d&rsquo;une coop\u00e9ration ou d&rsquo;une future coop\u00e9ration (prospection). Les employ\u00e9s des entreprises peuvent \u00e9galement contacter Leasebroker par l&rsquo;interm\u00e9diaire de notre site web (page de contact).<\/p><p>Leasebroker traite les donn\u00e9es personnelles suivantes :<br \/>\u2022\u00a0\u00a0\u00a0 Donn\u00e9es comportementales : Votre avis sur le leasing ;<br \/>\u2022\u00a0\u00a0\u00a0 Adresse e-mail : Si vous nous la fournissez volontairement ;<br \/>\u2022\u00a0\u00a0\u00a0 Adresse IP : Cette adresse est collect\u00e9e via des cookies. \u00c0 cet \u00e9gard, nous vous renvoyons \u00e0 notre [Politique de cookies](lien \u00e0 ins\u00e9rer) ;<br \/>\u2022\u00a0\u00a0\u00a0 Remarques g\u00e9n\u00e9rales : Les commentaires que vous partagez volontairement avec nous ;<br \/>\u2022\u00a0\u00a0\u00a0 Coordonn\u00e9es compl\u00e8tes : Si vous gagnez une carte carburant d\u2019une valeur de 250 \u20ac, nous demanderons vos coordonn\u00e9es compl\u00e8tes pour vous envoyer votre prix.<br \/><br \/><br \/><br \/><br \/><br \/>Ces donn\u00e9es entrent dans la cat\u00e9gorie des \u00ab\u00a0donn\u00e9es d&rsquo;identification g\u00e9n\u00e9rale\u00a0\u00bb et comprennent : &#8211; la soci\u00e9t\u00e9 &#8211; l&rsquo;adresse (rue, num\u00e9ro, code postal, ville) &#8211; le num\u00e9ro de la soci\u00e9t\u00e9 &#8211; l&rsquo;adresse \u00e9lectronique &#8211; le num\u00e9ro de t\u00e9l\u00e9phone fixe ou mobile.<\/p><p>Dans le cadre de nos activit\u00e9s, nous collectons \u00e9galement des donn\u00e9es requises par la loi.<\/p><p>POURQUOI RECUEILLONS-NOUS VOS DONN\u00c9ES ?<br \/>Toutes les donn\u00e9es personnelles ne seront utilis\u00e9es que pour nos op\u00e9rations commerciales standard et l&rsquo;exercice de nos services.<br \/>Conform\u00e9ment au GDPR, cela correspond \u00e0 la \u00ab\u00a0coop\u00e9ration contractuelle\u00a0\u00bb et \u00e0 \u00ab\u00a0l&rsquo;int\u00e9r\u00eat l\u00e9gitime du responsable du traitement\u00a0\u00bb.<\/p><p><br \/><br \/><br \/><br \/>Les donn\u00e9es d&rsquo;identification g\u00e9n\u00e9rales sont utilis\u00e9es, entre autres, pour : &#8211; les contacts professionnels par t\u00e9l\u00e9phone, t\u00e9l\u00e9phone portable, e-mail, etc. &#8211; le service \u00e0 votre entreprise et \u00e0 vos employ\u00e9s &#8211; les bulletins d&rsquo;information et les informations sur nos services et \u00e9v\u00e9nements &#8211; les activit\u00e9s de marketing.<\/p><p>\u00a0<\/p><p>ENQU\u00caTE<br \/>Leasebroker utilise vos donn\u00e9es personnelles principalement pour mieux comprendre les opinions des personnes concernant le leasing et am\u00e9liorer ses propres services. Cette collecte repose sur votre consentement.<br \/>Nous vous demandons, par exemple, les raisons pour lesquelles vous avez choisi un leasing, votre niveau de satisfaction, etc.<br \/>Dans le cadre du fonctionnement technique de l\u2019enqu\u00eate en ligne via Typeform, votre adresse IP est collect\u00e9e \u00e0 l\u2019aide de cookies pour g\u00e9n\u00e9rer un identifiant r\u00e9seau. Cependant, cette adresse IP n\u2019est pas conserv\u00e9e par Typeform.<br \/>Les r\u00e9ponses seront utilis\u00e9es de mani\u00e8re agr\u00e9g\u00e9e pour \u00e9tablir des statistiques, parfois par cat\u00e9gorie. Par exemple : \u00ab Quel pourcentage des entreprises du secteur de la construction poss\u00e8de plus de 3 machines chez Leasebroker ? \u00bb<br \/>PARTICIPATION AU CONCOURS<br \/>Si vous souhaitez participer au concours, nous collectons \u00e9galement :<br \/>\u2022\u00a0\u00a0\u00a0 Votre adresse e-mail,<br \/>\u2022\u00a0\u00a0\u00a0 Votre r\u00e9ponse \u00e0 la question subsidiaire,<br \/>Ces donn\u00e9es sont collect\u00e9es sur la base de votre consentement.<br \/>Si vous \u00eates d\u00e9sign\u00e9 comme gagnant, nous vous contacterons via votre adresse e-mail et demanderons vos coordonn\u00e9es compl\u00e8tes pour vous envoyer la carte carburant.<br \/><br \/><\/p><p><br \/><br \/><br \/><br \/>COMMENT RECUEILLONS-NOUS VOS DONN\u00c9ES ? Cela peut se faire de diff\u00e9rentes mani\u00e8res, notamment : &#8211; contact personnel\/t\u00e9l\u00e9phonique\/courrier &#8211; formulaires de contact sur notre site web &#8211; contacts lors d&rsquo;\u00e9v\u00e9nements (de r\u00e9seautage).<\/p><p>COMBIEN DE TEMPS VOS DONN\u00c9ES SERONT-ELLES CONSERV\u00c9ES ?<br \/>Tant que la coop\u00e9ration existe et n&rsquo;a pas \u00e9t\u00e9 interrompue par l&rsquo;une ou l&rsquo;autre des parties, les donn\u00e9es \u00e0 caract\u00e8re personnel sont conserv\u00e9es.<br \/>Apr\u00e8s la fin de la coop\u00e9ration, les donn\u00e9es \u00e0 caract\u00e8re personnel sont conserv\u00e9es pendant sept ans.<br \/>En tant que personne concern\u00e9e, vous pouvez express\u00e9ment demander une suppression anticip\u00e9e sans enfreindre les d\u00e9lais de conservation l\u00e9gaux.<\/p><p><br \/><br \/>TRANSFERT \u00c0 DES TIERS \u00c0 aucun moment nous ne vendons ou ne louons vos donn\u00e9es \u00e0 des personnes ou \u00e0 des entreprises qui ne font pas partie de Leasebroker. Si nous faisons appel \u00e0 un sous-traitant tiers, nous veillerons toujours \u00e0 ce que vos donn\u00e9es soient trait\u00e9es de mani\u00e8re confidentielle et utilis\u00e9es en toute s\u00e9curit\u00e9.<br \/>Le sous-traitant externe sera toujours li\u00e9 contractuellement \u00e0 Leasebroker.<br \/>Ainsi, les sous-traitants ne seront jamais autoris\u00e9s \u00e0 utiliser vos donn\u00e9es personnelles de leur propre initiative.<\/p><p><br \/>TRAITEMENT MINIMAL DES DONN\u00c9ES Les donn\u00e9es \u00e0 caract\u00e8re personnel que nous collectons sont ad\u00e9quates et pertinentes au regard de nos objectifs.<br \/>Nous limitons la collecte de vos donn\u00e9es personnelles au minimum n\u00e9cessaire aux fins pour lesquelles nous traitons les donn\u00e9es personnelles.<\/p><p>Traitement automatique et profilage<\/p><p>Leasebroker n&rsquo;effectue pas de profilage et ne traite pas vos donn\u00e9es personnelles de mani\u00e8re enti\u00e8rement automatique.<\/p><p>COMMENT S\u00c9CURISONS-NOUS VOS DONN\u00c9ES ?<br \/>Nous prenons les mesures techniques et organisationnelles n\u00e9cessaires pour assurer la s\u00e9curit\u00e9 de vos donn\u00e9es personnelles.<\/p><p>Sur le plan organisationnel, nous disposons d&rsquo;une politique \u00e9labor\u00e9e en mati\u00e8re de s\u00e9curit\u00e9 de l&rsquo;information, d&rsquo;un plan d&rsquo;action correspondant, d&rsquo;une d\u00e9claration de confidentialit\u00e9 et de responsabilit\u00e9s et pouvoirs clairs.<br \/>Les processus et proc\u00e9dures n\u00e9cessaires sont \u00e9galement en place pour une mise en \u0153uvre et un suivi optimaux de cette politique.<\/p><p><br \/><br \/><br \/><br \/><br \/><br \/><br \/><br \/>Quels sont vos droits et comment pouvez-vous les exercer ? En tant que personne concern\u00e9e, vous avez plusieurs droits, qui sont \u00e9num\u00e9r\u00e9s dans le GDPR et comprennent &#8211; le droit d&rsquo;acc\u00e8s aux donn\u00e9es &#8211; le droit de modifier les donn\u00e9es &#8211; le droit \u00e0 l&rsquo;effacement des donn\u00e9es &#8211; le droit au transfert des donn\u00e9es &#8211; le droit d&rsquo;opposition &#8211; le droit de restreindre le traitement &#8211; GDPR &#8211; Chapitre III &#8211; Droits de la personne concern\u00e9e.<\/p><p>Ces droits peuvent \u00eatre exerc\u00e9s gratuitement en soumettant une demande claire \u00e0 notre administration.<br \/>Cette demande indiquera le droit que vous souhaitez invoquer, ainsi qu&rsquo;une explication et la mani\u00e8re dont nous pouvons vous contacter.<br \/>Vous pouvez le signaler \u00e0 l&rsquo;adresse suivante : info@lease-broker.com.<\/p><p><br \/>DONN\u00c9ES DE CONTACT Toutes les donn\u00e9es sont enregistr\u00e9es dans les fichiers de Leasebroker.<br \/>En tant que responsable du traitement des donn\u00e9es, nous sommes charg\u00e9s de veiller au respect de notre politique de protection des donn\u00e9es dans toutes nos agences.<\/p><p>RESPONSABILIT\u00c9 : Courtier en location (BE0728 462 179)<\/p><p><br \/><br \/><br \/>Leasebroker bv Kortrijksesteenweg 1142, 9051 Gent \u00a0info@lease-broker.com<\/p><p>Si vous n&rsquo;\u00eates pas d&rsquo;accord avec la mani\u00e8re dont Leasebroker traite vos donn\u00e9es, vous pouvez contacter l&rsquo;Autorit\u00e9 de protection des donn\u00e9es.<\/p><p><br \/><br \/>Rue de la Presse 35, 1000 Bruxelles T\u00e9l+32 (0)2 274 48 00 &#8211; Fax +32 (0)2 274 48 35 contact@apd-gba.be<\/p><p>https:\/\/www.gegevensbeschermingsautoriteit.be<\/p><figure><\/figure><p>\u00a0<\/p>\t\t\t\t\t\t\t\t<\/div>\n\t\t\t\t<\/div>\n\t\t\t\t\t<\/div>\n\t\t<\/div>\n\t\t\t\t\t<\/div>\n\t\t<\/section>\n\t\t\t\t<section class=\"elementor-section elementor-top-section elementor-element elementor-element-d713ea2 elementor-section-boxed elementor-section-height-default elementor-section-height-default\" data-id=\"d713ea2\" data-element_type=\"section\" data-e-type=\"section\">\n\t\t\t\t\t\t<div class=\"elementor-container elementor-column-gap-default\">\n\t\t\t\t\t<div class=\"elementor-column elementor-col-100 elementor-top-column elementor-element elementor-element-9090c3b\" data-id=\"9090c3b\" data-element_type=\"column\" data-e-type=\"column\">\n\t\t\t<div class=\"elementor-widget-wrap elementor-element-populated\">\n\t\t\t\t\t\t<div class=\"elementor-element elementor-element-14d01db elementor-widget elementor-widget-text-editor\" data-id=\"14d01db\" data-element_type=\"widget\" data-e-type=\"widget\" data-widget_type=\"text-editor.default\">\n\t\t\t\t<div class=\"elementor-widget-container\">\n\t\t\t\t\t\t\t\t\t<p>CONCOURS \u00ab GAGNEZ UNE CARTE CARBURANT DE 250 \u20ac \u00bb<br>Lisez attentivement ce r\u00e8glement du concours ! Il contient des informations importantes.<br>Ce r\u00e8glement s&rsquo;applique \u00e0 toute participation au concours \u00ab Gagnez une carte carburant de 250 \u20ac \u00bb, organis\u00e9 par Leasebroker.<\/p>\n<p>1. Organisateur<br>Le concours \u00ab GAGNEZ UNE CARTE CARBURANT DE 250 \u20ac \u00bb est organis\u00e9 par :<br>Leasebroker bv<br>Kortrijksesteenweg 1142, 9051 Gent\n<br>info@lease-broker.com<br>BE0728 462 179<\/p>\n<p>2. Champ territorial et personnel d\u2019application<br>Seules les personnes domicili\u00e9es en Belgique peuvent participer \u00e0 ce concours.<br>Pour participer, le candidat doit avoir au moins 18 ans.<br>Les employ\u00e9s de Leasebroker ne peuvent pas participer \u00e0 ce concours.<\/p>\n<p>3. D\u00e9roulement du concours<br>Le concours se d\u00e9roule du 22 janvier 2025 \u00e0 15h00 au 4 f\u00e9vrier 2025 \u00e0 23h59. Toute participation en dehors de cette p\u00e9riode, m\u00eame si elle reste techniquement possible, ne sera pas prise en compte.<br>Pour participer et \u00eatre \u00e9ligible au prix, les candidats doivent :<br>1. Acc\u00e9der \u00e0 l\u2019enqu\u00eate via un lien re\u00e7u par e-mail.<br>2. Remplir toutes les questions de l\u2019enqu\u00eate.<br>3. Indiquer leur adresse e-mail \u00e0 la fin de l\u2019enqu\u00eate, confirmer leur participation au concours, et r\u00e9pondre \u00e0 la question subsidiaire :<br>\u00ab Combien de participants pensez-vous qu\u2019il y aura en tout \u00e0 cette enqu\u00eate ? \u00bb<br>Limitation : Une seule participation par individu est autoris\u00e9e.<\/p>\n<p>4. Prix et attribution<br>Le gagnant recevra une carte carburant d\u2019une valeur de 250 \u20ac.<br>Le gagnant sera inform\u00e9 par e-mail au plus tard le 24 f\u00e9vrier 2025, avec des instructions compl\u00e9mentaires.<br>Les prix sont transf\u00e9rables mais non \u00e9changeables contre des esp\u00e8ces ou d\u2019autres avantages. Leasebroker se r\u00e9serve le droit d\u2019ajuster les prix si n\u00e9cessaire.<br>Le prix sera attribu\u00e9 au participant ayant :<br>\u2022 Rempli l\u2019int\u00e9gralit\u00e9 de l\u2019enqu\u00eate,<br>\u2022 R\u00e9pondu correctement (ou au plus proche) \u00e0 la question subsidiaire.<br>En cas d\u2019\u00e9galit\u00e9, la date et l\u2019heure de la participation (enregistr\u00e9es sur le serveur) d\u00e9termineront le gagnant.<br>L\u2019attribution du prix sera supervis\u00e9e par la direction de Leasebroker.<br>Le gagnant sera contact\u00e9 par e-mail dans les 20 jours suivant la fin du concours.<br>Leasebroker se r\u00e9serve le droit de disqualifier un gagnant si celui-ci n\u2019a pas au moins 18 ans ou n\u2019est pas domicili\u00e9 en Belgique.<\/p>\n<p>5. Conditions suppl\u00e9mentaires<br>Il est strictement interdit de modifier ou de tenter de modifier le d\u00e9roulement du concours, par exemple via des scripts automatis\u00e9s ou des robots.<br>Si le concours est promu sur des r\u00e9seaux sociaux :<br>\u2022 Les plateformes de r\u00e9seaux sociaux ne sont en aucun cas responsables de ce concours.<br>\u2022 Il est interdit de mal \u00e9tiqueter du contenu.<br>\u2022 Les participants doivent respecter les conditions d\u2019utilisation des r\u00e9seaux sociaux concern\u00e9s.<br>En cas de fraude ou de non-respect du r\u00e8glement, Leasebroker se r\u00e9serve le droit d\u2019exclure le participant.<\/p>\n<p>6. Protection des donn\u00e9es personnelles<br>Leasebroker traite certaines donn\u00e9es personnelles dans le cadre de ce concours, conform\u00e9ment \u00e0 sa politique de confidentialit\u00e9.<\/p>\n<p>7. Responsabilit\u00e9<br>Leasebroker peut suspendre ou annuler le concours \u00e0 tout moment pour des raisons l\u00e9gales sans compensation.<br>Leasebroker n\u2019est pas responsable des \u00e9ventuels probl\u00e8mes techniques ou erreurs qui pourraient survenir pendant le concours.<\/p>\n<p>8. Droit applicable et tribunaux comp\u00e9tents<br>Ce r\u00e8glement est soumis au droit belge. Tout litige sera trait\u00e9 par les tribunaux comp\u00e9tents du si\u00e8ge social de Leasebroker.<\/p>\n<p>9. Informations pratiques<br>Les participants peuvent consulter le r\u00e8glement du concours sur https:\/\/lease-broker.com\/privacy-policy-2\/ jusqu&rsquo;\u00e0 30 jours apr\u00e8s la fin du concours.<br>10. Contact<br>Pour toute question ou plainte, veuillez nous contacter \u00e0 l\u2019adresse : info@lease-broker.com<\/p>\t\t\t\t\t\t\t\t<\/div>\n\t\t\t\t<\/div>\n\t\t\t\t\t<\/div>\n\t\t<\/div>\n\t\t\t\t\t<\/div>\n\t\t<\/section>\n\t\t\t\t<\/div>\n\t\t","protected":false},"excerpt":{"rendered":"<p>\u00a0 Clause de non-responsabilit\u00e9 Ce site web est g\u00e9r\u00e9 par LeaseBroker.Tous les droits sont r\u00e9serv\u00e9s. Les informations contenues dans ce site web, quelle que soit leur apparence, ne peuvent \u00eatre reproduites, transport\u00e9es, stock\u00e9es ou distribu\u00e9es sans l&rsquo;accord \u00e9crit pr\u00e9alable de Leasebroker.be.Il est express\u00e9ment interdit d&rsquo;apporter des modifications au contenu de ce site web. Les donn\u00e9es&hellip; <a class=\"more-link\" href=\"https:\/\/lease-broker.com\/fr\/politique-de-confidentialite\/\">Continue reading <span class=\"screen-reader-text\">Politique de confidentialit\u00e9<\/span><\/a><\/p>\n","protected":false},"author":1,"featured_media":0,"parent":0,"menu_order":0,"comment_status":"closed","ping_status":"open","template":"right-sidebar-templete.php","meta":{"_monsterinsights_skip_tracking":false,"_monsterinsights_sitenote_active":false,"_monsterinsights_sitenote_note":"","_monsterinsights_sitenote_category":0,"footnotes":""},"class_list":["post-18139","page","type-page","status-publish","hentry","entry"],"_links":{"self":[{"href":"https:\/\/lease-broker.com\/fr\/wp-json\/wp\/v2\/pages\/18139","targetHints":{"allow":["GET"]}}],"collection":[{"href":"https:\/\/lease-broker.com\/fr\/wp-json\/wp\/v2\/pages"}],"about":[{"href":"https:\/\/lease-broker.com\/fr\/wp-json\/wp\/v2\/types\/page"}],"author":[{"embeddable":true,"href":"https:\/\/lease-broker.com\/fr\/wp-json\/wp\/v2\/users\/1"}],"replies":[{"embeddable":true,"href":"https:\/\/lease-broker.com\/fr\/wp-json\/wp\/v2\/comments?post=18139"}],"version-history":[{"count":0,"href":"https:\/\/lease-broker.com\/fr\/wp-json\/wp\/v2\/pages\/18139\/revisions"}],"wp:attachment":[{"href":"https:\/\/lease-broker.com\/fr\/wp-json\/wp\/v2\/media?parent=18139"}],"curies":[{"name":"wp","href":"https:\/\/api.w.org\/{rel}","templated":true}]}}