{"id":18153,"date":"2023-05-16T09:42:01","date_gmt":"2023-05-16T09:42:01","guid":{"rendered":"https:\/\/lease-broker.com\/poste-vacant-conseiller-en-location\/"},"modified":"2024-09-10T11:44:09","modified_gmt":"2024-09-10T11:44:09","slug":"poste-vacant-conseiller-en-location","status":"publish","type":"page","link":"https:\/\/lease-broker.com\/fr\/poste-vacant-conseiller-en-location\/","title":{"rendered":"Poste vacant Conseiller en location"},"content":{"rendered":"\t\t<div data-elementor-type=\"wp-page\" data-elementor-id=\"18153\" class=\"elementor elementor-18153 elementor-17067\" data-elementor-post-type=\"page\">\n\t\t\t\t\t\t<section class=\"elementor-section elementor-top-section elementor-element elementor-element-385637f home_a_testi elementor-section-boxed elementor-section-height-default elementor-section-height-default\" data-id=\"385637f\" data-element_type=\"section\" data-e-type=\"section\" data-settings=\"{&quot;background_background&quot;:&quot;classic&quot;}\">\n\t\t\t\t\t\t<div class=\"elementor-container elementor-column-gap-default\">\n\t\t\t\t\t<div class=\"elementor-column elementor-col-100 elementor-top-column elementor-element elementor-element-7b201c5\" data-id=\"7b201c5\" data-element_type=\"column\" data-e-type=\"column\">\n\t\t\t<div class=\"elementor-widget-wrap elementor-element-populated\">\n\t\t\t\t\t\t<div class=\"elementor-element elementor-element-375b140 elementor-widget elementor-widget-elementskit-heading\" data-id=\"375b140\" data-element_type=\"widget\" data-e-type=\"widget\" data-widget_type=\"elementskit-heading.default\">\n\t\t\t\t<div class=\"elementor-widget-container\">\n\t\t\t\t\t<div class=\"ekit-wid-con\" ><div class=\"ekit-heading elementskit-section-title-wraper text_center   ekit_heading_tablet-   ekit_heading_mobile-\"><h2 class=\"ekit-heading--title elementskit-section-title \">VACANCES<\/h2><div class=\"ekit_heading_separetor_wraper ekit_heading_elementskit-border-divider ekit-dotted\"><div class=\"elementskit-border-divider ekit-dotted\"><\/div><\/div><h3 class=\"ekit-heading--subtitle elementskit-section-subtitle  \">\n\t\t\t\t\t\tPostes vacants\n\t\t\t\t\t<\/h3><\/div><\/div>\t\t\t\t<\/div>\n\t\t\t\t<\/div>\n\t\t\t\t\t<\/div>\n\t\t<\/div>\n\t\t\t\t\t<\/div>\n\t\t<\/section>\n\t\t\t\t<section class=\"elementor-section elementor-top-section elementor-element elementor-element-a168250 elementor-section-boxed elementor-section-height-default elementor-section-height-default\" data-id=\"a168250\" data-element_type=\"section\" data-e-type=\"section\">\n\t\t\t\t\t\t<div class=\"elementor-container elementor-column-gap-default\">\n\t\t\t\t\t<div class=\"elementor-column elementor-col-100 elementor-top-column elementor-element elementor-element-097926b\" data-id=\"097926b\" data-element_type=\"column\" data-e-type=\"column\">\n\t\t\t<div class=\"elementor-widget-wrap elementor-element-populated\">\n\t\t\t\t\t\t<div class=\"elementor-element elementor-element-4a0ffdc elementor-widget elementor-widget-text-editor\" data-id=\"4a0ffdc\" data-element_type=\"widget\" data-e-type=\"widget\" data-widget_type=\"text-editor.default\">\n\t\t\t\t<div class=\"elementor-widget-container\">\n\t\t\t\t\t\t\t\t\t<p><strong style=\"color: #74af26;\">CONSEILLER EN BAUX D&rsquo;HABITATION (3)<\/strong><\/p>\n<p>&nbsp;LeaseBroker op\u00e8re en Belgique en tant qu&rsquo;interm\u00e9diaire pour trouver les bonnes <strong>solutions de financement <\/strong>sous toutes leurs formes et pour les secteurs de la mobilit\u00e9, de l&rsquo;agriculture, de l&rsquo;\u00e9quipement, de l&rsquo;informatique, de l&rsquo;industrie, de la construction et du m\u00e9dical.\nFaire plus pour nos clients, c&rsquo;est faire plus pour nos LeaseBrokers.\nIl est important pour nous que nos clients puissent se d\u00e9velopper dans leurs activit\u00e9s, mais il est encore plus important que nos LeaseBrokers puissent se d\u00e9velopper avec nous au sein de notre organisation.   &nbsp;<\/p>\n<p><strong>Nous vous proposons&#8230;<\/strong><\/p>\n<p>&#8211; Un emploi stimulant qui vous donne de <strong>l&rsquo;autonomie <\/strong>.\n<br><br><br>Nous aimons les <strong>initiateurs<\/strong>! &#8211; Un lieu de travail moderne dans un environnement<strong>sans encombrement au <\/strong>sein d&rsquo;une \u00e9quipe soud\u00e9e &#8211; Un emploi \u00e0 temps plein \u00e0 dur\u00e9e ind\u00e9termin\u00e9e compl\u00e9t\u00e9 par des avantages sociaux int\u00e9ressants tels qu&rsquo;une<strong>voiture de soci\u00e9t\u00e9<\/strong>, un <strong>syst\u00e8me de primes, des vacances suppl\u00e9mentaires et des horaires de travail flexibles<\/strong>&#8211; L&rsquo;espace n\u00e9cessaire pour se d\u00e9velopper personnellement et suivre des formations dans diff\u00e9rents domaines &#8211; Des coll\u00e8gues formidables qui sont l\u00e0 les uns pour les autres et pour vous <strong><br><br><br> L&rsquo;espace pour se d\u00e9velopper personnellement et suivre des <strong>formations <\/strong>dans diff\u00e9rents domaines. &#8211; Des coll\u00e8gues formidables qui sont l\u00e0 pour vous et pour les autres. &#8211; Plusieurs teambuildings pour apprendre \u00e0 mieux conna\u00eetre vos partenaires et coll\u00e8gues de mani\u00e8re lucrative. &#8211; Un c\u00e2lin de la part de notre chien de bureau, le<strong>CEO !<\/strong><\/strong> <\/p>\n<p><strong>C&rsquo;est ainsi que vous nous emballez totalement : vous \u00eates\/avez&#8230;<\/strong><\/p>\n<p><br><br><br>&#8211; Une personnalit\u00e9 <strong>orient\u00e9e vers le client <\/strong>et tr\u00e8s \u00e0 l&rsquo;aise &#8211; D\u00e9sireux de s&rsquo;investir dans le<strong>suivi<\/strong> de <strong>A \u00e0 Z<\/strong> pour une prise en charge totale des dossiers concessionnaires\/clients &#8211; Capable de construire rapidement un r\u00e9seau et de tisser un lien de confiance avec vos interlocuteurs &#8211; Sens de l&rsquo;\u00e9quipement pouvant \u00eatre financ\u00e9 &#8211; Passion pour la comptabilit\u00e9, la fiscalit\u00e9, l&rsquo;automobile ou la finance au sens large sont un plus&#8230; &#8211; Parfaitement \u00e0 l&rsquo;aise en fran\u00e7ais et en n\u00e9erlandais.<br><strong><br><br><br>P<strong>assionn\u00e9<\/strong> (<strong>e)<\/strong> par la comptabilit\u00e9, la fiscalit\u00e9, l&rsquo;automobile ou la finance au sens large sont un plus&#8230; &#8211; Parler couramment<strong>le n\u00e9erlandais <\/strong>et avoir de bonnes notions de <strong>fran\u00e7ais<\/strong>.<strong>Compl\u00e9ter notre \u00e9quipe LeaseBroker ?<\/strong><\/strong><\/p>\n<p>Vous pensez pouvoir devenir le nouveau coll\u00e8gue motiv\u00e9 de notre<strong> \u00e9quipe LeaseBroker ?<\/strong> Alors n&rsquo;h\u00e9sitez pas \u00e0 nous faire part de votre candidature !\nEnvoyez votre CV \u00e0<em> <a href=\"mailto:hr@lease-broker.com\">hr@lease-broker.com<\/a><\/em> et expliquez-nous pourquoi nous ne pourrons bient\u00f4t plus nous passer de vous !\nVous pouvez compter sur la discr\u00e9tion et sur une proc\u00e9dure de s\u00e9lection rapide et professionnelle.  <\/p>\n<p><strong>Comment se d\u00e9roule cette proc\u00e9dure ?<\/strong><\/p>\n<p>Apr\u00e8s \u00e9valuation positive de votre candidature, nous vous inviterons \u00e0 un entretien de pr\u00e9sentation (par t\u00e9l\u00e9phone\/vid\u00e9oconf\u00e9rence).<\/p>\n<p>Si vous n&rsquo;\u00eates pas s\u00e9lectionn\u00e9, nous vous en informerons \u00e9galement.<\/p>\n<p>Apr\u00e8s un retour positif de l&rsquo;entretien de pr\u00e9sentation, nous aimerions vous voir au bureau pour un entretien de s\u00e9lection.\nVous pouvez d&rsquo;ores et d\u00e9j\u00e0 rencontrer notre chien de bureau (CEO). <\/p>\n<p>Si vous avez des questions sur le poste vacant ou sur notre proc\u00e9dure de candidature, veuillez envoyer toutes vos questions \u00e0 l&rsquo;adresse suivante <em><a href=\"mailto:hr@lease-broker.com\">hr@lease-broker.com<\/a><\/em><\/p>\n<p><strong>Boostez votre carri\u00e8re&#8230;<\/strong><\/p>\n<p>&nbsp;<\/p>\t\t\t\t\t\t\t\t<\/div>\n\t\t\t\t<\/div>\n\t\t\t\t<div class=\"elementor-element elementor-element-d351132 elementor-widget elementor-widget-video\" data-id=\"d351132\" data-element_type=\"widget\" data-e-type=\"widget\" data-settings=\"{&quot;youtube_url&quot;:&quot;https:\\\/\\\/youtu.be\\\/ur1S2ylMAQw&quot;,&quot;video_type&quot;:&quot;youtube&quot;,&quot;controls&quot;:&quot;yes&quot;}\" data-widget_type=\"video.default\">\n\t\t\t\t<div class=\"elementor-widget-container\">\n\t\t\t\t\t\t\t<div class=\"elementor-wrapper elementor-open-inline\">\n\t\t\t<div class=\"elementor-video\"><\/div>\t\t<\/div>\n\t\t\t\t\t\t<\/div>\n\t\t\t\t<\/div>\n\t\t\t\t<div class=\"elementor-element elementor-element-0a77f3f elementor-widget elementor-widget-spacer\" data-id=\"0a77f3f\" data-element_type=\"widget\" data-e-type=\"widget\" data-widget_type=\"spacer.default\">\n\t\t\t\t<div class=\"elementor-widget-container\">\n\t\t\t\t\t\t\t<div class=\"elementor-spacer\">\n\t\t\t<div class=\"elementor-spacer-inner\"><\/div>\n\t\t<\/div>\n\t\t\t\t\t\t<\/div>\n\t\t\t\t<\/div>\n\t\t\t\t\t<\/div>\n\t\t<\/div>\n\t\t\t\t\t<\/div>\n\t\t<\/section>\n\t\t\t\t<section class=\"elementor-section elementor-top-section elementor-element elementor-element-fcebd5c elementor-section-boxed elementor-section-height-default elementor-section-height-default\" data-id=\"fcebd5c\" data-element_type=\"section\" data-e-type=\"section\">\n\t\t\t\t\t\t<div class=\"elementor-container elementor-column-gap-default\">\n\t\t\t\t\t<div class=\"elementor-column elementor-col-100 elementor-top-column elementor-element elementor-element-015c422\" data-id=\"015c422\" data-element_type=\"column\" data-e-type=\"column\">\n\t\t\t<div class=\"elementor-widget-wrap\">\n\t\t\t\t\t\t\t<\/div>\n\t\t<\/div>\n\t\t\t\t\t<\/div>\n\t\t<\/section>\n\t\t\t\t<section class=\"elementor-section elementor-top-section elementor-element elementor-element-659cd1b elementor-section-boxed elementor-section-height-default elementor-section-height-default\" data-id=\"659cd1b\" data-element_type=\"section\" data-e-type=\"section\">\n\t\t\t\t\t\t<div class=\"elementor-container elementor-column-gap-default\">\n\t\t\t\t\t<div class=\"elementor-column elementor-col-50 elementor-top-column elementor-element elementor-element-bed3d26\" data-id=\"bed3d26\" data-element_type=\"column\" data-e-type=\"column\">\n\t\t\t<div class=\"elementor-widget-wrap elementor-element-populated\">\n\t\t\t\t\t\t<div class=\"elementor-element elementor-element-bd52b2e elementor-widget elementor-widget-image\" data-id=\"bd52b2e\" data-element_type=\"widget\" data-e-type=\"widget\" data-widget_type=\"image.default\">\n\t\t\t\t<div class=\"elementor-widget-container\">\n\t\t\t\t\t\t\t\t\t\t\t\t\t\t\t<img fetchpriority=\"high\" decoding=\"async\" width=\"750\" height=\"500\" src=\"https:\/\/lease-broker.com\/wp-content\/uploads\/2023\/09\/groepsfoto-1-1024x683.jpg\" class=\"attachment-large size-large wp-image-17972\" alt=\"\" srcset=\"https:\/\/lease-broker.com\/wp-content\/uploads\/2023\/09\/groepsfoto-1-1024x683.jpg 1024w, https:\/\/lease-broker.com\/wp-content\/uploads\/2023\/09\/groepsfoto-1-300x200.jpg 300w, https:\/\/lease-broker.com\/wp-content\/uploads\/2023\/09\/groepsfoto-1-768x512.jpg 768w, https:\/\/lease-broker.com\/wp-content\/uploads\/2023\/09\/groepsfoto-1-1536x1024.jpg 1536w, https:\/\/lease-broker.com\/wp-content\/uploads\/2023\/09\/groepsfoto-1-2048x1365.jpg 2048w, https:\/\/lease-broker.com\/wp-content\/uploads\/2023\/09\/groepsfoto-1-18x12.jpg 18w, https:\/\/lease-broker.com\/wp-content\/uploads\/2023\/09\/groepsfoto-1-1568x1045.jpg 1568w\" sizes=\"(max-width: 750px) 100vw, 750px\" style=\"width:100%;height:66.68%;max-width:2560px\" \/>\t\t\t\t\t\t\t\t\t\t\t\t\t\t\t<\/div>\n\t\t\t\t<\/div>\n\t\t\t\t\t<\/div>\n\t\t<\/div>\n\t\t\t\t<div class=\"elementor-column elementor-col-50 elementor-top-column elementor-element elementor-element-90d00fa\" data-id=\"90d00fa\" data-element_type=\"column\" data-e-type=\"column\">\n\t\t\t<div class=\"elementor-widget-wrap elementor-element-populated\">\n\t\t\t\t\t\t<div class=\"elementor-element elementor-element-e888ef6 elementor-widget elementor-widget-image\" data-id=\"e888ef6\" data-element_type=\"widget\" data-e-type=\"widget\" data-widget_type=\"image.default\">\n\t\t\t\t<div class=\"elementor-widget-container\">\n\t\t\t\t\t\t\t\t\t\t\t\t\t\t\t<img decoding=\"async\" width=\"750\" height=\"500\" data-src=\"https:\/\/lease-broker.com\/wp-content\/uploads\/2024\/06\/vrouwen.jpg\" class=\"attachment-large size-large wp-image-17990 lazyload\" alt=\"\" data-srcset=\"https:\/\/lease-broker.com\/wp-content\/uploads\/2024\/06\/vrouwen.jpg 768w, https:\/\/lease-broker.com\/wp-content\/uploads\/2024\/06\/vrouwen-300x200.jpg 300w, https:\/\/lease-broker.com\/wp-content\/uploads\/2024\/06\/vrouwen-18x12.jpg 18w\" data-sizes=\"(max-width: 750px) 100vw, 750px\" style=\"--smush-placeholder-width: 750px; --smush-placeholder-aspect-ratio: 750\/500;width:100%;height:66.67%;max-width:768px\" src=\"data:image\/svg+xml;base64,PHN2ZyB3aWR0aD0iMSIgaGVpZ2h0PSIxIiB4bWxucz0iaHR0cDovL3d3dy53My5vcmcvMjAwMC9zdmciPjwvc3ZnPg==\" \/>\t\t\t\t\t\t\t\t\t\t\t\t\t\t\t<\/div>\n\t\t\t\t<\/div>\n\t\t\t\t\t<\/div>\n\t\t<\/div>\n\t\t\t\t\t<\/div>\n\t\t<\/section>\n\t\t\t\t<section class=\"elementor-section elementor-top-section elementor-element elementor-element-a8345ad elementor-section-boxed elementor-section-height-default elementor-section-height-default\" data-id=\"a8345ad\" data-element_type=\"section\" data-e-type=\"section\">\n\t\t\t\t\t\t<div class=\"elementor-container elementor-column-gap-default\">\n\t\t\t\t\t<div class=\"elementor-column elementor-col-100 elementor-top-column elementor-element elementor-element-cc7fa6a\" data-id=\"cc7fa6a\" data-element_type=\"column\" data-e-type=\"column\">\n\t\t\t<div class=\"elementor-widget-wrap elementor-element-populated\">\n\t\t\t\t\t\t<div class=\"elementor-element elementor-element-3928451 elementor-widget elementor-widget-spacer\" data-id=\"3928451\" data-element_type=\"widget\" data-e-type=\"widget\" data-widget_type=\"spacer.default\">\n\t\t\t\t<div class=\"elementor-widget-container\">\n\t\t\t\t\t\t\t<div class=\"elementor-spacer\">\n\t\t\t<div class=\"elementor-spacer-inner\"><\/div>\n\t\t<\/div>\n\t\t\t\t\t\t<\/div>\n\t\t\t\t<\/div>\n\t\t\t\t\t<\/div>\n\t\t<\/div>\n\t\t\t\t\t<\/div>\n\t\t<\/section>\n\t\t\t\t<\/div>\n\t\t","protected":false},"excerpt":{"rendered":"<p>VACANCES Postes vacants CONSEILLER EN BAUX D&rsquo;HABITATION (3) &nbsp;LeaseBroker op\u00e8re en Belgique en tant qu&rsquo;interm\u00e9diaire pour trouver les bonnes solutions de financement sous toutes leurs formes et pour les secteurs de la mobilit\u00e9, de l&rsquo;agriculture, de l&rsquo;\u00e9quipement, de l&rsquo;informatique, de l&rsquo;industrie, de la construction et du m\u00e9dical. Faire plus pour nos clients, c&rsquo;est faire plus&hellip; <a class=\"more-link\" href=\"https:\/\/lease-broker.com\/fr\/poste-vacant-conseiller-en-location\/\">Continue reading <span class=\"screen-reader-text\">Poste vacant Conseiller en location<\/span><\/a><\/p>\n","protected":false},"author":1,"featured_media":0,"parent":0,"menu_order":0,"comment_status":"closed","ping_status":"closed","template":"elementor_header_footer","meta":{"_monsterinsights_skip_tracking":false,"_monsterinsights_sitenote_active":false,"_monsterinsights_sitenote_note":"","_monsterinsights_sitenote_category":0,"footnotes":""},"class_list":["post-18153","page","type-page","status-publish","hentry","entry"],"_links":{"self":[{"href":"https:\/\/lease-broker.com\/fr\/wp-json\/wp\/v2\/pages\/18153","targetHints":{"allow":["GET"]}}],"collection":[{"href":"https:\/\/lease-broker.com\/fr\/wp-json\/wp\/v2\/pages"}],"about":[{"href":"https:\/\/lease-broker.com\/fr\/wp-json\/wp\/v2\/types\/page"}],"author":[{"embeddable":true,"href":"https:\/\/lease-broker.com\/fr\/wp-json\/wp\/v2\/users\/1"}],"replies":[{"embeddable":true,"href":"https:\/\/lease-broker.com\/fr\/wp-json\/wp\/v2\/comments?post=18153"}],"version-history":[{"count":0,"href":"https:\/\/lease-broker.com\/fr\/wp-json\/wp\/v2\/pages\/18153\/revisions"}],"wp:attachment":[{"href":"https:\/\/lease-broker.com\/fr\/wp-json\/wp\/v2\/media?parent=18153"}],"curies":[{"name":"wp","href":"https:\/\/api.w.org\/{rel}","templated":true}]}}