{"id":19274,"date":"2025-01-21T21:58:40","date_gmt":"2025-01-21T21:58:40","guid":{"rendered":"https:\/\/lease-broker.com\/?page_id=19274"},"modified":"2025-02-04T16:08:04","modified_gmt":"2025-02-04T16:08:04","slug":"lp-credit-professionnel","status":"publish","type":"page","link":"https:\/\/lease-broker.com\/fr\/lp-credit-professionnel\/","title":{"rendered":"Cr\u00e9dit professionnel | Devis dans les 24 h | LeaseBroker"},"content":{"rendered":"\t\t<div data-elementor-type=\"wp-page\" data-elementor-id=\"19274\" class=\"elementor elementor-19274 elementor-19025\" data-elementor-post-type=\"page\">\n\t\t\t\t\t\t<section class=\"elementor-section elementor-top-section elementor-element elementor-element-385637f home_a_testi elementor-section-boxed elementor-section-height-default elementor-section-height-default\" data-id=\"385637f\" data-element_type=\"section\" data-e-type=\"section\" data-settings=\"{&quot;background_background&quot;:&quot;classic&quot;}\">\n\t\t\t\t\t\t<div class=\"elementor-container elementor-column-gap-default\">\n\t\t\t\t\t<div class=\"elementor-column elementor-col-100 elementor-top-column elementor-element elementor-element-7b201c5\" data-id=\"7b201c5\" data-element_type=\"column\" data-e-type=\"column\">\n\t\t\t<div class=\"elementor-widget-wrap elementor-element-populated\">\n\t\t\t\t\t\t<div class=\"elementor-element elementor-element-375b140 elementor-widget elementor-widget-elementskit-heading\" data-id=\"375b140\" data-element_type=\"widget\" data-e-type=\"widget\" data-widget_type=\"elementskit-heading.default\">\n\t\t\t\t<div class=\"elementor-widget-container\">\n\t\t\t\t\t<div class=\"ekit-wid-con\" ><div class=\"ekit-heading elementskit-section-title-wraper text_center   ekit_heading_tablet-   ekit_heading_mobile-\"><h2 class=\"ekit-heading--title elementskit-section-title \">Cr\u00e9dit Professionnel<\/h2><div class=\"ekit_heading_separetor_wraper ekit_heading_elementskit-border-divider ekit-dotted\"><div class=\"elementskit-border-divider ekit-dotted\"><\/div><\/div><h3 class=\"ekit-heading--subtitle elementskit-section-subtitle  \">\n\t\t\t\t\t\tConstruisez Votre Avenir\n\t\t\t\t\t<\/h3><\/div><\/div>\t\t\t\t<\/div>\n\t\t\t\t<\/div>\n\t\t\t\t\t<\/div>\n\t\t<\/div>\n\t\t\t\t\t<\/div>\n\t\t<\/section>\n\t\t\t\t<section class=\"elementor-section elementor-top-section elementor-element elementor-element-3fc7e4a elementor-section-content-top elementor-section-boxed elementor-section-height-default elementor-section-height-default\" data-id=\"3fc7e4a\" data-element_type=\"section\" data-e-type=\"section\">\n\t\t\t\t\t\t<div class=\"elementor-container elementor-column-gap-wide\">\n\t\t\t\t\t<div class=\"elementor-column elementor-col-33 elementor-top-column elementor-element elementor-element-a8e7500\" data-id=\"a8e7500\" data-element_type=\"column\" data-e-type=\"column\">\n\t\t\t<div class=\"elementor-widget-wrap elementor-element-populated\">\n\t\t\t\t\t\t<div class=\"elementor-element elementor-element-bb61bd5 elementor-widget elementor-widget-text-editor\" data-id=\"bb61bd5\" data-element_type=\"widget\" data-e-type=\"widget\" data-widget_type=\"text-editor.default\">\n\t\t\t\t<div class=\"elementor-widget-container\">\n\t\t\t\t\t\t\t\t\t<h5><strong style=\"color: #74af26;\">INTRODUCTION<br \/>\n<\/strong><\/h5>\n<p><strong>Un cr\u00e9dit professionnel peut faire la diff\u00e9rence pour votre entreprise.<\/strong> Que ce soit pour la croissance, l\u2019innovation ou l\u2019optimisation, un cr\u00e9dit sur mesure vous donne l\u2019espace financier pour exceller.<\/p>\n<p>LeaseBroker propose des cr\u00e9dit professionnels transparents et flexibles, adapt\u00e9s \u00e0 vos besoins.<\/p>\n\t\t\t\t\t\t\t\t<\/div>\n\t\t\t\t<\/div>\n\t\t\t\t\t<\/div>\n\t\t<\/div>\n\t\t\t\t<div class=\"elementor-column elementor-col-33 elementor-top-column elementor-element elementor-element-dd76cf1\" data-id=\"dd76cf1\" data-element_type=\"column\" data-e-type=\"column\">\n\t\t\t<div class=\"elementor-widget-wrap elementor-element-populated\">\n\t\t\t\t\t\t<div class=\"elementor-element elementor-element-88f3fea elementor-widget elementor-widget-text-editor\" data-id=\"88f3fea\" data-element_type=\"widget\" data-e-type=\"widget\" data-widget_type=\"text-editor.default\">\n\t\t\t\t<div class=\"elementor-widget-container\">\n\t\t\t\t\t\t\t\t\t<h5><strong style=\"color: #74af26;\">AVANTAGES<br \/>\n<\/strong><\/h5>\n<p><strong>\u2714 Conditions flexibles<\/strong><br \/>\nAdapt\u00e9es \u00e0 votre entreprise.<\/p>\n<p><strong>\u2714 Approbation rapide <\/strong>:<br \/>\nAucune attente inutile.<\/p>\n<p><strong>\u2714 Clart\u00e9 et transparence <\/strong>:<br \/>\nAucun co\u00fbt cach\u00e9.<\/p>\n\t\t\t\t\t\t\t\t<\/div>\n\t\t\t\t<\/div>\n\t\t\t\t\t<\/div>\n\t\t<\/div>\n\t\t\t\t<div class=\"elementor-column elementor-col-33 elementor-top-column elementor-element elementor-element-03c02f9\" data-id=\"03c02f9\" data-element_type=\"column\" data-e-type=\"column\">\n\t\t\t<div class=\"elementor-widget-wrap elementor-element-populated\">\n\t\t\t\t\t\t<div class=\"elementor-element elementor-element-253d2dd elementor-widget elementor-widget-text-editor\" data-id=\"253d2dd\" data-element_type=\"widget\" data-e-type=\"widget\" data-widget_type=\"text-editor.default\">\n\t\t\t\t<div class=\"elementor-widget-container\">\n\t\t\t\t\t\t\t\t\t<h5><strong style=\"color: #74af26;\">POURQUOI UN CREDIT PROFESSIONNEL ?<br \/>\n<\/strong><\/h5>\n<p>Avec un cr\u00e9dit aux entreprises, vous investissez dans la croissance sans grever votre liquidit\u00e9.<\/p>\n<p>Que vous souhaitiez acheter de nouvelles machines ou agrandir votre parc de v\u00e9hicules, un cr\u00e9dit personnalis\u00e9 vous aidera \u00e0 r\u00e9aliser vos objectifs.<\/p>\n\t\t\t\t\t\t\t\t<\/div>\n\t\t\t\t<\/div>\n\t\t\t\t\t<\/div>\n\t\t<\/div>\n\t\t\t\t\t<\/div>\n\t\t<\/section>\n\t\t\t\t<section class=\"elementor-section elementor-top-section elementor-element elementor-element-2f12395 elementor-section-boxed elementor-section-height-default elementor-section-height-default\" data-id=\"2f12395\" data-element_type=\"section\" data-e-type=\"section\">\n\t\t\t\t\t\t<div class=\"elementor-container elementor-column-gap-default\">\n\t\t\t\t\t<div class=\"elementor-column elementor-col-100 elementor-top-column elementor-element elementor-element-d122664\" data-id=\"d122664\" data-element_type=\"column\" data-e-type=\"column\">\n\t\t\t<div class=\"elementor-widget-wrap elementor-element-populated\">\n\t\t\t\t\t\t<div class=\"elementor-element elementor-element-24a68aa elementor-cta--skin-classic elementor-animated-content elementor-bg-transform elementor-bg-transform-zoom-in elementor-widget elementor-widget-call-to-action\" data-id=\"24a68aa\" data-element_type=\"widget\" data-e-type=\"widget\" data-widget_type=\"call-to-action.default\">\n\t\t\t\t<div class=\"elementor-widget-container\">\n\t\t\t\t\t\t\t<div class=\"elementor-cta\">\n\t\t\t\t\t<div class=\"elementor-cta__bg-wrapper\">\n\t\t\t\t<div class=\"elementor-cta__bg elementor-bg lazyload\" style=\"background-image:inherit;\" role=\"img\" aria-label=\"Qu&#039;est-ce que la vente et leaseback et comment cela peut-il aider votre entreprise ? cover\" data-bg-image=\"url(https:\/\/lease-broker.com\/wp-content\/uploads\/2024\/10\/pexels-ketut-subiyanto-4963437_c1d0714e8c94945402036c42b1c57579_2000-1024x682.jpg)\"><\/div>\n\t\t\t\t<div class=\"elementor-cta__bg-overlay\"><\/div>\n\t\t\t<\/div>\n\t\t\t\t\t\t\t<div class=\"elementor-cta__content\">\n\t\t\t\t\n\t\t\t\t\t\t\t\t\t<h2 class=\"elementor-cta__title elementor-cta__content-item elementor-content-item\">\n\t\t\t\t\t\tDemandez un cr\u00e9dit aujourd\u2019hui !\t\t\t\t\t<\/h2>\n\t\t\t\t\n\t\t\t\t\t\t\t\t\t<div class=\"elementor-cta__description elementor-cta__content-item elementor-content-item\">\n\t\t\t\t\t\t<p>R\u00e9alisez vos ambitions professionnelles.<\/p>\n\t\t\t\t\t<\/div>\n\t\t\t\t\n\t\t\t\t\t\t\t\t\t<div class=\"elementor-cta__button-wrapper elementor-cta__content-item elementor-content-item \">\n\t\t\t\t\t<a class=\"elementor-cta__button elementor-button elementor-size-\" href=\"https:\/\/lease-broker.com\/fr\/contactez-nous\/\" target=\"_blank\">\n\t\t\t\t\t\tDemander un devis\t\t\t\t\t<\/a>\n\t\t\t\t\t<\/div>\n\t\t\t\t\t\t\t<\/div>\n\t\t\t\t\t\t<\/div>\n\t\t\t\t\t\t<\/div>\n\t\t\t\t<\/div>\n\t\t\t\t\t<\/div>\n\t\t<\/div>\n\t\t\t\t\t<\/div>\n\t\t<\/section>\n\t\t\t\t<section class=\"elementor-section elementor-top-section elementor-element elementor-element-d3eb486 elementor-section-boxed elementor-section-height-default elementor-section-height-default\" data-id=\"d3eb486\" data-element_type=\"section\" data-e-type=\"section\">\n\t\t\t\t\t\t<div class=\"elementor-container elementor-column-gap-default\">\n\t\t\t\t\t<div class=\"elementor-column elementor-col-100 elementor-top-column elementor-element elementor-element-8f8d94f\" data-id=\"8f8d94f\" data-element_type=\"column\" data-e-type=\"column\">\n\t\t\t<div class=\"elementor-widget-wrap elementor-element-populated\">\n\t\t\t\t\t\t<div class=\"elementor-element elementor-element-f428883 elementor-widget elementor-widget-spacer\" data-id=\"f428883\" data-element_type=\"widget\" data-e-type=\"widget\" data-widget_type=\"spacer.default\">\n\t\t\t\t<div class=\"elementor-widget-container\">\n\t\t\t\t\t\t\t<div class=\"elementor-spacer\">\n\t\t\t<div class=\"elementor-spacer-inner\"><\/div>\n\t\t<\/div>\n\t\t\t\t\t\t<\/div>\n\t\t\t\t<\/div>\n\t\t\t\t\t<\/div>\n\t\t<\/div>\n\t\t\t\t\t<\/div>\n\t\t<\/section>\n\t\t\t\t<section class=\"elementor-section elementor-top-section elementor-element elementor-element-d69ba4f elementor-section-boxed elementor-section-height-default elementor-section-height-default\" data-id=\"d69ba4f\" data-element_type=\"section\" data-e-type=\"section\">\n\t\t\t\t\t\t<div class=\"elementor-container elementor-column-gap-default\">\n\t\t\t\t\t<div class=\"elementor-column elementor-col-50 elementor-top-column elementor-element elementor-element-9df219e\" data-id=\"9df219e\" data-element_type=\"column\" data-e-type=\"column\">\n\t\t\t<div class=\"elementor-widget-wrap elementor-element-populated\">\n\t\t\t\t\t\t<div class=\"elementor-element elementor-element-2c2c01a elementor-widget__width-initial elementor-widget elementor-widget-image\" data-id=\"2c2c01a\" data-element_type=\"widget\" data-e-type=\"widget\" data-widget_type=\"image.default\">\n\t\t\t\t<div class=\"elementor-widget-container\">\n\t\t\t\t\t\t\t\t\t\t\t\t\t\t\t<img fetchpriority=\"high\" decoding=\"async\" width=\"750\" height=\"538\" src=\"https:\/\/lease-broker.com\/wp-content\/uploads\/2025\/01\/AdobeStock_876637071-1024x735.jpeg\" class=\"attachment-large size-large wp-image-19033\" alt=\"\" srcset=\"https:\/\/lease-broker.com\/wp-content\/uploads\/2025\/01\/AdobeStock_876637071-1024x735.jpeg 1024w, https:\/\/lease-broker.com\/wp-content\/uploads\/2025\/01\/AdobeStock_876637071-300x215.jpeg 300w, https:\/\/lease-broker.com\/wp-content\/uploads\/2025\/01\/AdobeStock_876637071-768x551.jpeg 768w, https:\/\/lease-broker.com\/wp-content\/uploads\/2025\/01\/AdobeStock_876637071-1536x1102.jpeg 1536w, https:\/\/lease-broker.com\/wp-content\/uploads\/2025\/01\/AdobeStock_876637071-2048x1469.jpeg 2048w, https:\/\/lease-broker.com\/wp-content\/uploads\/2025\/01\/AdobeStock_876637071-1568x1125.jpeg 1568w\" sizes=\"(max-width: 750px) 100vw, 750px\" style=\"width:100%;height:71.72%;max-width:2560px\" \/>\t\t\t\t\t\t\t\t\t\t\t\t\t\t\t<\/div>\n\t\t\t\t<\/div>\n\t\t\t\t\t<\/div>\n\t\t<\/div>\n\t\t\t\t<div class=\"elementor-column elementor-col-50 elementor-top-column elementor-element elementor-element-c99c137\" data-id=\"c99c137\" data-element_type=\"column\" data-e-type=\"column\" data-settings=\"{&quot;background_background&quot;:&quot;classic&quot;}\">\n\t\t\t<div class=\"elementor-widget-wrap elementor-element-populated\">\n\t\t\t\t\t\t<div class=\"elementor-element elementor-element-c3ecb70 elementor-widget__width-initial elementor-widget elementor-widget-text-editor\" data-id=\"c3ecb70\" data-element_type=\"widget\" data-e-type=\"widget\" data-widget_type=\"text-editor.default\">\n\t\t\t\t<div class=\"elementor-widget-container\">\n\t\t\t\t\t\t\t\t\t<h2><strong style=\"color: #74af26;\">EXEMPLE<\/strong><\/h2>\n<p>Vous \u00eates propri\u00e9taire d&rsquo;un restaurant et vous souhaitez agrandir votre \u00e9tablissement en installant une nouvelle cuisine pour r\u00e9pondre \u00e0 la demande croissante.<\/p>\n<p>Avec un cr\u00e9dit professionnel de LeaseBroker, vous obtiendrez les fonds dont dont vous avez besoin en peu de temps.<\/p>\n<p>La flexibilit\u00e9 du plan de remboursement vous permet de payer confortablement votre investissement gr\u00e2ce aux revenus suppl\u00e9mentaires que vous g\u00e9n\u00e9rez.<\/p>\n\t\t\t\t\t\t\t\t<\/div>\n\t\t\t\t<\/div>\n\t\t\t\t\t<\/div>\n\t\t<\/div>\n\t\t\t\t\t<\/div>\n\t\t<\/section>\n\t\t\t\t<section class=\"elementor-section elementor-top-section elementor-element elementor-element-fde7baf elementor-section-boxed elementor-section-height-default elementor-section-height-default\" data-id=\"fde7baf\" data-element_type=\"section\" data-e-type=\"section\">\n\t\t\t\t\t\t<div class=\"elementor-container elementor-column-gap-default\">\n\t\t\t\t\t<div class=\"elementor-column elementor-col-100 elementor-top-column elementor-element elementor-element-e1d3280\" data-id=\"e1d3280\" data-element_type=\"column\" data-e-type=\"column\">\n\t\t\t<div class=\"elementor-widget-wrap elementor-element-populated\">\n\t\t\t\t\t\t<div class=\"elementor-element elementor-element-6d143bc elementor-widget-divider--view-line elementor-widget elementor-widget-divider\" data-id=\"6d143bc\" data-element_type=\"widget\" data-e-type=\"widget\" data-widget_type=\"divider.default\">\n\t\t\t\t<div class=\"elementor-widget-container\">\n\t\t\t\t\t\t\t<div class=\"elementor-divider\">\n\t\t\t<span class=\"elementor-divider-separator\">\n\t\t\t\t\t\t<\/span>\n\t\t<\/div>\n\t\t\t\t\t\t<\/div>\n\t\t\t\t<\/div>\n\t\t\t\t\t<\/div>\n\t\t<\/div>\n\t\t\t\t\t<\/div>\n\t\t<\/section>\n\t\t\t\t<section class=\"elementor-section elementor-top-section elementor-element elementor-element-ea3b927 elementor-section-boxed elementor-section-height-default elementor-section-height-default\" data-id=\"ea3b927\" data-element_type=\"section\" data-e-type=\"section\">\n\t\t\t\t\t\t<div class=\"elementor-container elementor-column-gap-wider\">\n\t\t\t\t\t<div class=\"elementor-column elementor-col-50 elementor-top-column elementor-element elementor-element-d02b502\" data-id=\"d02b502\" data-element_type=\"column\" data-e-type=\"column\">\n\t\t\t<div class=\"elementor-widget-wrap elementor-element-populated\">\n\t\t\t\t\t\t<div class=\"elementor-element elementor-element-3b134d8 elementor-widget elementor-widget-heading\" data-id=\"3b134d8\" data-element_type=\"widget\" data-e-type=\"widget\" data-widget_type=\"heading.default\">\n\t\t\t\t<div class=\"elementor-widget-container\">\n\t\t\t\t\t<h2 class=\"elementor-heading-title elementor-size-default\"><h4 data-block-id=\"block-66d77e21-f086-487a-9415-29f9de3a341f\"><span style=\"color: var( --e-global-color-primary );font-family: inherit;font-size: 2rem;letter-spacing: var(--heading--letter-spacing-h2)\">Choisir LeaseBroker<\/span><span style=\"color: var( --e-global-color-primary );font-family: inherit;font-size: 2rem;letter-spacing: var(--heading--letter-spacing-h2)\"><\/span><\/h4><\/h2>\t\t\t\t<\/div>\n\t\t\t\t<\/div>\n\t\t\t\t<div class=\"elementor-element elementor-element-4932587 elementor-widget elementor-widget-text-editor\" data-id=\"4932587\" data-element_type=\"widget\" data-e-type=\"widget\" data-widget_type=\"text-editor.default\">\n\t\t\t\t<div class=\"elementor-widget-container\">\n\t\t\t\t\t\t\t\t\t<p>Chez LeaseBroker, nous comprenons que chaque entreprise est unique. Notre \u00e9quipe d&rsquo;experts travaillera en collaboration rapproch\u00e9e avec vous pour trouver une solution adapt\u00e9e \u00e0 vos besoins. Nos m\u00e9thodes rapides et efficaces facilitent la demande de cr\u00e9dit.<\/p>\n\t\t\t\t\t\t\t\t<\/div>\n\t\t\t\t<\/div>\n\t\t\t\t\t<\/div>\n\t\t<\/div>\n\t\t\t\t<div class=\"elementor-column elementor-col-50 elementor-top-column elementor-element elementor-element-c3c8c08\" data-id=\"c3c8c08\" data-element_type=\"column\" data-e-type=\"column\">\n\t\t\t<div class=\"elementor-widget-wrap elementor-element-populated\">\n\t\t\t\t\t\t<div class=\"elementor-element elementor-element-38316a1 elementor-widget elementor-widget-heading\" data-id=\"38316a1\" data-element_type=\"widget\" data-e-type=\"widget\" data-widget_type=\"heading.default\">\n\t\t\t\t<div class=\"elementor-widget-container\">\n\t\t\t\t\t<h2 class=\"elementor-heading-title elementor-size-default\"><h4 data-block-id=\"block-66d77e21-f086-487a-9415-29f9de3a341f\"><span style=\"color: var( --e-global-color-primary );font-family: inherit;font-size: 2rem;letter-spacing: var(--heading--letter-spacing-h2)\">Comment \u00e7a marche ?<\/span><span style=\"color: var( --e-global-color-primary );font-family: inherit;font-size: 2rem;letter-spacing: var(--heading--letter-spacing-h2)\"><\/span><\/h4><\/h2>\t\t\t\t<\/div>\n\t\t\t\t<\/div>\n\t\t\t\t<div class=\"elementor-element elementor-element-b67fd6c elementor-icon-list--layout-traditional elementor-list-item-link-full_width elementor-widget elementor-widget-icon-list\" data-id=\"b67fd6c\" data-element_type=\"widget\" data-e-type=\"widget\" data-widget_type=\"icon-list.default\">\n\t\t\t\t<div class=\"elementor-widget-container\">\n\t\t\t\t\t\t\t<ul class=\"elementor-icon-list-items\">\n\t\t\t\t\t\t\t<li class=\"elementor-icon-list-item\">\n\t\t\t\t\t\t\t\t\t\t\t<span class=\"elementor-icon-list-icon\">\n\t\t\t\t\t\t\t<i aria-hidden=\"true\" class=\"icon icon-right-arrow1\"><\/i>\t\t\t\t\t\t<\/span>\n\t\t\t\t\t\t\t\t\t\t<span class=\"elementor-icon-list-text\">Indiquez vos besoins en financement.<\/span>\n\t\t\t\t\t\t\t\t\t<\/li>\n\t\t\t\t\t\t\t\t<li class=\"elementor-icon-list-item\">\n\t\t\t\t\t\t\t\t\t\t\t<span class=\"elementor-icon-list-icon\">\n\t\t\t\t\t\t\t<i aria-hidden=\"true\" class=\"icon icon-right-arrow1\"><\/i>\t\t\t\t\t\t<\/span>\n\t\t\t\t\t\t\t\t\t\t<span class=\"elementor-icon-list-text\">Recevez une proposition sous 48 heures.<\/span>\n\t\t\t\t\t\t\t\t\t<\/li>\n\t\t\t\t\t\t\t\t<li class=\"elementor-icon-list-item\">\n\t\t\t\t\t\t\t\t\t\t\t<span class=\"elementor-icon-list-icon\">\n\t\t\t\t\t\t\t<i aria-hidden=\"true\" class=\"icon icon-right-arrow1\"><\/i>\t\t\t\t\t\t<\/span>\n\t\t\t\t\t\t\t\t\t\t<span class=\"elementor-icon-list-text\">Utilisez imm\u00e9diatement votre cr\u00e9dit pour votre investissement.<\/span>\n\t\t\t\t\t\t\t\t\t<\/li>\n\t\t\t\t\t\t<\/ul>\n\t\t\t\t\t\t<\/div>\n\t\t\t\t<\/div>\n\t\t\t\t\t<\/div>\n\t\t<\/div>\n\t\t\t\t\t<\/div>\n\t\t<\/section>\n\t\t\t\t<section class=\"elementor-section elementor-top-section elementor-element elementor-element-614f44f faq_contact_form elementor-section-boxed elementor-section-height-default elementor-section-height-default\" data-id=\"614f44f\" data-element_type=\"section\" data-e-type=\"section\">\n\t\t\t\t\t\t<div class=\"elementor-container elementor-column-gap-default\">\n\t\t\t\t\t<div class=\"elementor-column elementor-col-100 elementor-top-column elementor-element elementor-element-6b43dc6\" data-id=\"6b43dc6\" data-element_type=\"column\" data-e-type=\"column\">\n\t\t\t<div class=\"elementor-widget-wrap elementor-element-populated\">\n\t\t\t\t\t\t<section class=\"elementor-section elementor-inner-section elementor-element elementor-element-23b6b25 faq_que elementor-section-boxed elementor-section-height-default elementor-section-height-default\" data-id=\"23b6b25\" data-element_type=\"section\" data-e-type=\"section\">\n\t\t\t\t\t\t<div class=\"elementor-container elementor-column-gap-default\">\n\t\t\t\t\t<div class=\"elementor-column elementor-col-100 elementor-inner-column elementor-element elementor-element-77cd507 elementor-invisible\" data-id=\"77cd507\" data-element_type=\"column\" data-e-type=\"column\" data-settings=\"{&quot;animation&quot;:&quot;fadeInUp&quot;}\">\n\t\t\t<div class=\"elementor-widget-wrap elementor-element-populated\">\n\t\t\t\t\t\t<div class=\"elementor-element elementor-element-06a654a elementor-widget elementor-widget-elementskit-heading\" data-id=\"06a654a\" data-element_type=\"widget\" data-e-type=\"widget\" data-widget_type=\"elementskit-heading.default\">\n\t\t\t\t<div class=\"elementor-widget-container\">\n\t\t\t\t\t<div class=\"ekit-wid-con\" ><div class=\"ekit-heading elementskit-section-title-wraper text_center   ekit_heading_tablet-   ekit_heading_mobile-\"><h3 class=\"elementskit-section-subtitle  \">\n\t\t\t\t\t\tContactez nous\n\t\t\t\t\t<\/h3><h2 class=\"ekit-heading--title elementskit-section-title \">DEMANDER UN DEVIS<\/h2><\/div><\/div>\t\t\t\t<\/div>\n\t\t\t\t<\/div>\n\t\t\t\t\t<\/div>\n\t\t<\/div>\n\t\t\t\t\t<\/div>\n\t\t<\/section>\n\t\t\t\t<section class=\"elementor-section elementor-inner-section elementor-element elementor-element-bef32b9 elementor-section-boxed elementor-section-height-default elementor-section-height-default\" data-id=\"bef32b9\" data-element_type=\"section\" data-e-type=\"section\">\n\t\t\t\t\t\t<div class=\"elementor-container elementor-column-gap-default\">\n\t\t\t\t\t<div class=\"elementor-column elementor-col-50 elementor-inner-column elementor-element elementor-element-c68f02f contact_img elementor-invisible\" data-id=\"c68f02f\" data-element_type=\"column\" data-e-type=\"column\" data-settings=\"{&quot;background_background&quot;:&quot;classic&quot;,&quot;animation&quot;:&quot;fadeInUp&quot;}\">\n\t\t\t<div class=\"elementor-widget-wrap elementor-element-populated\">\n\t\t\t\t\t\t<div class=\"elementor-element elementor-element-5dfdd84 elementor-widget elementor-widget-spacer\" data-id=\"5dfdd84\" data-element_type=\"widget\" data-e-type=\"widget\" data-widget_type=\"spacer.default\">\n\t\t\t\t<div class=\"elementor-widget-container\">\n\t\t\t\t\t\t\t<div class=\"elementor-spacer\">\n\t\t\t<div class=\"elementor-spacer-inner\"><\/div>\n\t\t<\/div>\n\t\t\t\t\t\t<\/div>\n\t\t\t\t<\/div>\n\t\t\t\t\t<\/div>\n\t\t<\/div>\n\t\t\t\t<div class=\"elementor-column elementor-col-50 elementor-inner-column elementor-element elementor-element-f1f906d faq_contact elementor-invisible\" data-id=\"f1f906d\" data-element_type=\"column\" data-e-type=\"column\" data-settings=\"{&quot;background_background&quot;:&quot;classic&quot;,&quot;animation&quot;:&quot;fadeInUp&quot;}\">\n\t\t\t<div class=\"elementor-widget-wrap elementor-element-populated\">\n\t\t\t\t\t\t<div class=\"elementor-element elementor-element-e14adc9 elementor-widget elementor-widget-html\" data-id=\"e14adc9\" data-element_type=\"widget\" data-e-type=\"widget\" data-widget_type=\"html.default\">\n\t\t\t\t<div class=\"elementor-widget-container\">\n\t\t\t\t\t<script charset=\"utf-8\" type=\"text\/javascript\" src=\"\/\/js.hsforms.net\/forms\/v2.js\"><\/script>\r\n<script>\r\n  hbspt.forms.create({\r\n    region: \"na1\",\r\n    portalId: \"8815062\",\r\n    formId: \"2f148ba2-1e5f-40e7-b02b-15cb99804d1a\",\r\n    version: \"V2_PRERELEASE\"\r\n  });\r\n<\/script>\t\t\t\t<\/div>\n\t\t\t\t<\/div>\n\t\t\t\t\t<\/div>\n\t\t<\/div>\n\t\t\t\t\t<\/div>\n\t\t<\/section>\n\t\t\t\t\t<\/div>\n\t\t<\/div>\n\t\t\t\t\t<\/div>\n\t\t<\/section>\n\t\t\t\t<\/div>\n\t\t","protected":false},"excerpt":{"rendered":"<p>Cr\u00e9dit Professionnel Construisez Votre Avenir INTRODUCTION Un cr\u00e9dit professionnel peut faire la diff\u00e9rence pour votre entreprise. Que ce soit pour la croissance, l\u2019innovation ou l\u2019optimisation, un cr\u00e9dit sur mesure vous donne l\u2019espace financier pour exceller. LeaseBroker propose des cr\u00e9dit professionnels transparents et flexibles, adapt\u00e9s \u00e0 vos besoins. AVANTAGES \u2714 Conditions flexibles Adapt\u00e9es \u00e0 votre entreprise.&hellip; <a class=\"more-link\" href=\"https:\/\/lease-broker.com\/fr\/lp-credit-professionnel\/\">Continue reading <span class=\"screen-reader-text\">Cr\u00e9dit professionnel | Devis dans les 24 h | LeaseBroker<\/span><\/a><\/p>\n","protected":false},"author":1,"featured_media":0,"parent":0,"menu_order":0,"comment_status":"closed","ping_status":"closed","template":"elementor_header_footer","meta":{"_monsterinsights_skip_tracking":false,"_monsterinsights_sitenote_active":false,"_monsterinsights_sitenote_note":"","_monsterinsights_sitenote_category":0,"footnotes":""},"class_list":["post-19274","page","type-page","status-publish","hentry","entry"],"_links":{"self":[{"href":"https:\/\/lease-broker.com\/fr\/wp-json\/wp\/v2\/pages\/19274","targetHints":{"allow":["GET"]}}],"collection":[{"href":"https:\/\/lease-broker.com\/fr\/wp-json\/wp\/v2\/pages"}],"about":[{"href":"https:\/\/lease-broker.com\/fr\/wp-json\/wp\/v2\/types\/page"}],"author":[{"embeddable":true,"href":"https:\/\/lease-broker.com\/fr\/wp-json\/wp\/v2\/users\/1"}],"replies":[{"embeddable":true,"href":"https:\/\/lease-broker.com\/fr\/wp-json\/wp\/v2\/comments?post=19274"}],"version-history":[{"count":0,"href":"https:\/\/lease-broker.com\/fr\/wp-json\/wp\/v2\/pages\/19274\/revisions"}],"wp:attachment":[{"href":"https:\/\/lease-broker.com\/fr\/wp-json\/wp\/v2\/media?parent=19274"}],"curies":[{"name":"wp","href":"https:\/\/api.w.org\/{rel}","templated":true}]}}